{"id":111,"date":"2024-04-09T14:17:12","date_gmt":"2024-04-09T05:17:12","guid":{"rendered":"https:\/\/kyutoki.wpx.jp\/?page_id=111"},"modified":"2024-09-28T21:58:49","modified_gmt":"2024-09-28T12:58:49","slug":"contact","status":"publish","type":"page","link":"https:\/\/fun-management.co.jp\/blog\/contact\/","title":{"rendered":"\u304a\u554f\u5408\u305b"},"content":{"rendered":"\n<div class=\"wpcf7 no-js\" id=\"wpcf7-f1719-o1\" lang=\"ja\" dir=\"ltr\">\n<div class=\"screen-reader-response\"><p role=\"status\" aria-live=\"polite\" aria-atomic=\"true\"><\/p> <ul><\/ul><\/div>\n<form action=\"\/blog\/wp-json\/wp\/v2\/pages\/111#wpcf7-f1719-o1\" method=\"post\" class=\"wpcf7-form init\" aria-label=\"\u30b3\u30f3\u30bf\u30af\u30c8\u30d5\u30a9\u30fc\u30e0\" novalidate=\"novalidate\" data-status=\"init\">\n<div style=\"display: none;\">\n<input type=\"hidden\" name=\"_wpcf7\" value=\"1719\" \/>\n<input type=\"hidden\" name=\"_wpcf7_version\" value=\"5.9.8\" \/>\n<input type=\"hidden\" name=\"_wpcf7_locale\" value=\"ja\" \/>\n<input type=\"hidden\" name=\"_wpcf7_unit_tag\" value=\"wpcf7-f1719-o1\" \/>\n<input type=\"hidden\" name=\"_wpcf7_container_post\" value=\"0\" \/>\n<input type=\"hidden\" name=\"_wpcf7_posted_data_hash\" value=\"\" \/>\n<\/div>\n<p><span class=\"must\">\u5fc5\u9808<\/span> \u304a\u540d\u524d<br \/>\n<span class=\"wpcf7-form-control-wrap\" data-name=\"booking-name\"><input size=\"40\" maxlength=\"400\" class=\"wpcf7-form-control wpcf7-text wpcf7-validates-as-required\" aria-required=\"true\" aria-invalid=\"false\" placeholder=\"\u4f8b\uff1a\u9234\u6728 \u82b1\u5b50\" value=\"\" type=\"text\" name=\"booking-name\" \/><\/span>\n<\/p>\n<p><span class=\"must\">\u5fc5\u9808<\/span> \u30d5\u30ea\u30ac\u30ca<br \/>\n<span class=\"wpcf7-form-control-wrap\" data-name=\"your-name\"><input size=\"40\" maxlength=\"400\" class=\"wpcf7-form-control wpcf7-text wpcf7-validates-as-required\" aria-required=\"true\" aria-invalid=\"false\" placeholder=\"\u4f8b\uff1a\u30b9\u30ba\u30ad \u30cf\u30ca\u30b3\" value=\"\" type=\"text\" name=\"your-name\" \/><\/span>\n<\/p>\n<p><span class=\"free\">\u4efb\u610f<\/span> \u4f1a\u793e\u540d<br \/>\n<span class=\"wpcf7-form-control-wrap\" data-name=\"your-tel\"><input size=\"40\" maxlength=\"400\" class=\"wpcf7-form-control wpcf7-text\" aria-invalid=\"false\" placeholder=\"\u4f8b\uff1a\u682a\u5f0f\u4f1a\u793e\u30d5\u30a1\u30f3\u30de\u30cd\u30b8\u30e1\u30f3\u30c8\" value=\"\" type=\"text\" name=\"your-tel\" \/><\/span>\n<\/p>\n<p><span class=\"must\">\u5fc5\u9808<\/span> \u30e1\u30fc\u30eb\u30a2\u30c9\u30ec\u30b9<br \/>\n<span class=\"wpcf7-form-control-wrap\" data-name=\"your-email\"><input size=\"40\" maxlength=\"400\" class=\"wpcf7-form-control wpcf7-email wpcf7-validates-as-required wpcf7-text wpcf7-validates-as-email\" aria-required=\"true\" aria-invalid=\"false\" placeholder=\"\u4f8b\uff1a\u00d7\u00d7\u00d7@\u00d7\u00d7\u00d7.com\" value=\"\" type=\"email\" name=\"your-email\" \/><\/span>\n<\/p>\n<p><span class=\"must\">\u5fc5\u9808<\/span> \u304a\u96fb\u8a71\u756a\u53f7<br \/>\n<span class=\"wpcf7-form-control-wrap\" data-name=\"your-tel\"><input size=\"40\" maxlength=\"400\" class=\"wpcf7-form-control wpcf7-text\" aria-invalid=\"false\" placeholder=\"\u4f8b\uff1a050-1234-5678\" value=\"\" type=\"text\" name=\"your-tel\" \/><\/span>\n<\/p>\n<p><span class=\"free\">\u4efb\u610f<\/span> \u4ef6\u540d<br \/>\n<span class=\"wpcf7-form-control-wrap\" data-name=\"your-subject\"><input size=\"40\" maxlength=\"400\" class=\"wpcf7-form-control wpcf7-text\" aria-invalid=\"false\" placeholder=\"\u4f8b\uff1a\u7d66\u6e6f\u5668\u4ea4\u63db\u306e\u4f9d\u983c\u306b\u3064\u3044\u3066\" value=\"\" type=\"text\" name=\"your-subject\" \/><\/span>\n<\/p>\n<p><span class=\"must\">\u5fc5\u9808<\/span> \u304a\u554f\u3044\u5408\u308f\u305b\u5185\u5bb9<br \/>\n<span class=\"wpcf7-form-control-wrap\" data-name=\"your-message\"><textarea cols=\"40\" rows=\"10\" maxlength=\"2000\" class=\"wpcf7-form-control wpcf7-textarea wpcf7-validates-as-required\" aria-required=\"true\" aria-invalid=\"false\" placeholder=\"\u4f8b\uff1a\u304a\u554f\u5408\u305b\u5185\u5bb9\u3092\u3054\u5165\u529b\u304f\u3060\u3055\u3044\" name=\"your-message\"><\/textarea><\/span>\n<\/p>\n<p><span class=\"wpcf7-form-control-wrap\" data-name=\"accept-this-1\"><span class=\"wpcf7-form-control wpcf7-acceptance\"><span class=\"wpcf7-list-item\"><label><input type=\"checkbox\" name=\"accept-this-1\" value=\"1\" aria-invalid=\"false\" \/><span class=\"wpcf7-list-item-label\">\u30b9\u30d1\u30e0\u30e1\u30fc\u30eb\u9632\u6b62\u306e\u305f\u3081\u3001\u3053\u3061\u3089\u306e\u30dc\u30c3\u30af\u30b9\u306b\u30c1\u30a7\u30c3\u30af\u3092\u5165\u308c\u3066\u304b\u3089\u9001\u4fe1\u3057\u3066\u304f\u3060\u3055\u3044\u3002<\/span><\/label><\/span><\/span><\/span>\n<\/p>\n<p><input class=\"wpcf7-form-control wpcf7-submit has-spinner\" type=\"submit\" value=\"\u9001\u4fe1\" \/>\n<\/p><div class=\"wpcf7-response-output\" aria-hidden=\"true\"><\/div>\n<\/form>\n<\/div>\n\n","protected":false},"excerpt":{"rendered":"","protected":false},"author":2,"featured_media":0,"parent":0,"menu_order":0,"comment_status":"closed","ping_status":"closed","template":"","meta":{"swell_btn_cv_data":"","footnotes":""},"class_list":["post-111","page","type-page","status-publish","hentry"],"_links":{"self":[{"href":"https:\/\/fun-management.co.jp\/blog\/wp-json\/wp\/v2\/pages\/111","targetHints":{"allow":["GET"]}}],"collection":[{"href":"https:\/\/fun-management.co.jp\/blog\/wp-json\/wp\/v2\/pages"}],"about":[{"href":"https:\/\/fun-management.co.jp\/blog\/wp-json\/wp\/v2\/types\/page"}],"author":[{"embeddable":true,"href":"https:\/\/fun-management.co.jp\/blog\/wp-json\/wp\/v2\/users\/2"}],"replies":[{"embeddable":true,"href":"https:\/\/fun-management.co.jp\/blog\/wp-json\/wp\/v2\/comments?post=111"}],"version-history":[{"count":1,"href":"https:\/\/fun-management.co.jp\/blog\/wp-json\/wp\/v2\/pages\/111\/revisions"}],"predecessor-version":[{"id":1720,"href":"https:\/\/fun-management.co.jp\/blog\/wp-json\/wp\/v2\/pages\/111\/revisions\/1720"}],"wp:attachment":[{"href":"https:\/\/fun-management.co.jp\/blog\/wp-json\/wp\/v2\/media?parent=111"}],"curies":[{"name":"wp","href":"https:\/\/api.w.org\/{rel}","templated":true}]}}